{"id":381,"date":"2020-01-29T17:14:22","date_gmt":"2020-01-29T17:14:22","guid":{"rendered":"https:\/\/pensiunea-iulia-rod.com\/?page_id=381"},"modified":"2021-03-25T11:27:53","modified_gmt":"2021-03-25T09:27:53","slug":"atractii","status":"publish","type":"page","link":"https:\/\/pensiunea-iulia-rod.com\/index.php\/atractii\/","title":{"rendered":"Atrac\u021bii"},"content":{"rendered":"\n<p>  Jude\u021bul Sibiu a cunoscut o deschidere interna\u021bional\u0103 semnificativ\u0103 \u00een anul  2007, c\u00e2nd ora\u0219ul Sibiu a fost desemnat \u201eCapital\u0103 Cultural\u0103 European\u0103\u201d,  fiind vizitat de numero\u0219i turi\u0219ti str\u0103ini.  Aici exist\u0103 \u00eens\u0103 o multitudine de alte obiective turistice la fel de impresionante at\u00e2t prin istorie, c\u00e2t \u0219i prin frumuse\u021bea natural\u0103. Orasul <a href=\"https:\/\/pensiunea-iulia-rod.com\/index.php\/sibiu\/\">Sibiu<\/a>, <a href=\"https:\/\/pensiunea-iulia-rod.com\/index.php\/marginime\/\">M\u0103rginimea Sibiului<\/a>, <a href=\"https:\/\/pensiunea-iulia-rod.com\/index.php\/paltinis\/\">P\u0103ltini\u0219<\/a>, B\u00e2lea Lac, Bisericile fortificate, <a href=\"https:\/\/pensiunea-iulia-rod.com\/index.php\/transalpina\/\">Transalpina<\/a>, Ocna Sibiului sunt doar o parte dintre aceste obiective.<\/p>\n","protected":false},"excerpt":{"rendered":"<p>Jude\u021bul Sibiu a cunoscut o deschidere interna\u021bional\u0103 semnificativ\u0103 \u00een anul 2007, c\u00e2nd ora\u0219ul Sibiu a fost desemnat \u201eCapital\u0103 Cultural\u0103 European\u0103\u201d, fiind vizitat de numero\u0219i turi\u0219ti str\u0103ini. Aici exist\u0103 \u00eens\u0103 o multitudine de alte obiective turistice la fel de impresionante at\u00e2t prin istorie, c\u00e2t \u0219i prin frumuse\u021bea natural\u0103. Orasul Sibiu, M\u0103rginimea Sibiului, P\u0103ltini\u0219, B\u00e2lea Lac, Bisericile [&hellip;]<\/p>\n","protected":false},"author":1,"featured_media":0,"parent":0,"menu_order":0,"comment_status":"closed","ping_status":"closed","template":"","meta":[],"yoast_head":"<!-- This site is optimized with the Yoast SEO plugin v19.7.1 - https:\/\/yoast.com\/wordpress\/plugins\/seo\/ -->\n<title>Atrac\u021bii - Pensiunea Iulia<\/title>\n<meta name=\"robots\" content=\"index, follow, max-snippet:-1, max-image-preview:large, max-video-preview:-1\" \/>\n<link rel=\"canonical\" href=\"https:\/\/pensiunea-iulia-rod.com\/index.php\/atractii\/\" \/>\n<meta property=\"og:locale\" content=\"ro_RO\" \/>\n<meta property=\"og:type\" content=\"article\" \/>\n<meta property=\"og:title\" content=\"Atrac\u021bii - Pensiunea Iulia\" \/>\n<meta property=\"og:description\" content=\"Jude\u021bul Sibiu a cunoscut o deschidere interna\u021bional\u0103 semnificativ\u0103 \u00een anul 2007, c\u00e2nd ora\u0219ul Sibiu a fost desemnat \u201eCapital\u0103 Cultural\u0103 European\u0103\u201d, fiind vizitat de numero\u0219i turi\u0219ti str\u0103ini. Aici exist\u0103 \u00eens\u0103 o multitudine de alte obiective turistice la fel de impresionante at\u00e2t prin istorie, c\u00e2t \u0219i prin frumuse\u021bea natural\u0103. Orasul Sibiu, M\u0103rginimea Sibiului, P\u0103ltini\u0219, B\u00e2lea Lac, Bisericile [&hellip;]\" \/>\n<meta property=\"og:url\" content=\"https:\/\/pensiunea-iulia-rod.com\/index.php\/atractii\/\" \/>\n<meta property=\"og:site_name\" content=\"Pensiunea Iulia\" \/>\n<meta property=\"article:publisher\" content=\"https:\/\/www.facebook.com\/pensiunea.iulia.rod.tilisca\" \/>\n<meta property=\"article:modified_time\" content=\"2021-03-25T09:27:53+00:00\" \/>\n<meta name=\"twitter:card\" content=\"summary_large_image\" \/>\n<meta name=\"twitter:label1\" content=\"Timp estimat pentru citire\" \/>\n\t<meta name=\"twitter:data1\" content=\"1 minut\" \/>\n<script type=\"application\/ld+json\" class=\"yoast-schema-graph\">{\"@context\":\"https:\/\/schema.org\",\"@graph\":[{\"@type\":\"WebPage\",\"@id\":\"https:\/\/pensiunea-iulia-rod.com\/index.php\/atractii\/\",\"url\":\"https:\/\/pensiunea-iulia-rod.com\/index.php\/atractii\/\",\"name\":\"Atrac\u021bii - Pensiunea Iulia\",\"isPartOf\":{\"@id\":\"https:\/\/pensiunea-iulia-rod.com\/#website\"},\"datePublished\":\"2020-01-29T17:14:22+00:00\",\"dateModified\":\"2021-03-25T09:27:53+00:00\",\"breadcrumb\":{\"@id\":\"https:\/\/pensiunea-iulia-rod.com\/index.php\/atractii\/#breadcrumb\"},\"inLanguage\":\"ro-RO\",\"potentialAction\":[{\"@type\":\"ReadAction\",\"target\":[\"https:\/\/pensiunea-iulia-rod.com\/index.php\/atractii\/\"]}]},{\"@type\":\"BreadcrumbList\",\"@id\":\"https:\/\/pensiunea-iulia-rod.com\/index.php\/atractii\/#breadcrumb\",\"itemListElement\":[{\"@type\":\"ListItem\",\"position\":1,\"name\":\"Prima pagin\u0103\",\"item\":\"https:\/\/pensiunea-iulia-rod.com\/\"},{\"@type\":\"ListItem\",\"position\":2,\"name\":\"Atrac\u021bii\"}]},{\"@type\":\"WebSite\",\"@id\":\"https:\/\/pensiunea-iulia-rod.com\/#website\",\"url\":\"https:\/\/pensiunea-iulia-rod.com\/\",\"name\":\"Pensiunea Iulia\",\"description\":\"Cazare in Marginimea Sibiului\",\"publisher\":{\"@id\":\"https:\/\/pensiunea-iulia-rod.com\/#organization\"},\"potentialAction\":[{\"@type\":\"SearchAction\",\"target\":{\"@type\":\"EntryPoint\",\"urlTemplate\":\"https:\/\/pensiunea-iulia-rod.com\/?s={search_term_string}\"},\"query-input\":\"required name=search_term_string\"}],\"inLanguage\":\"ro-RO\"},{\"@type\":\"Organization\",\"@id\":\"https:\/\/pensiunea-iulia-rod.com\/#organization\",\"name\":\"Pensiunea Iulia\",\"url\":\"https:\/\/pensiunea-iulia-rod.com\/\",\"sameAs\":[\"https:\/\/www.facebook.com\/pensiunea.iulia.rod.tilisca\"],\"logo\":{\"@type\":\"ImageObject\",\"inLanguage\":\"ro-RO\",\"@id\":\"https:\/\/pensiunea-iulia-rod.com\/#\/schema\/logo\/image\/\",\"url\":\"https:\/\/pensiunea-iulia-rod.com\/wp-content\/uploads\/2020\/09\/c29b3e63-06e3-4ea3-ae23-dc78e4f30fdb_200x200.png\",\"contentUrl\":\"https:\/\/pensiunea-iulia-rod.com\/wp-content\/uploads\/2020\/09\/c29b3e63-06e3-4ea3-ae23-dc78e4f30fdb_200x200.png\",\"width\":200,\"height\":200,\"caption\":\"Pensiunea Iulia\"},\"image\":{\"@id\":\"https:\/\/pensiunea-iulia-rod.com\/#\/schema\/logo\/image\/\"}}]}<\/script>\n<!-- \/ Yoast SEO plugin. -->","yoast_head_json":{"title":"Atrac\u021bii - Pensiunea Iulia","robots":{"index":"index","follow":"follow","max-snippet":"max-snippet:-1","max-image-preview":"max-image-preview:large","max-video-preview":"max-video-preview:-1"},"canonical":"https:\/\/pensiunea-iulia-rod.com\/index.php\/atractii\/","og_locale":"ro_RO","og_type":"article","og_title":"Atrac\u021bii - Pensiunea Iulia","og_description":"Jude\u021bul Sibiu a cunoscut o deschidere interna\u021bional\u0103 semnificativ\u0103 \u00een anul 2007, c\u00e2nd ora\u0219ul Sibiu a fost desemnat \u201eCapital\u0103 Cultural\u0103 European\u0103\u201d, fiind vizitat de numero\u0219i turi\u0219ti str\u0103ini. Aici exist\u0103 \u00eens\u0103 o multitudine de alte obiective turistice la fel de impresionante at\u00e2t prin istorie, c\u00e2t \u0219i prin frumuse\u021bea natural\u0103. Orasul Sibiu, M\u0103rginimea Sibiului, P\u0103ltini\u0219, B\u00e2lea Lac, Bisericile [&hellip;]","og_url":"https:\/\/pensiunea-iulia-rod.com\/index.php\/atractii\/","og_site_name":"Pensiunea Iulia","article_publisher":"https:\/\/www.facebook.com\/pensiunea.iulia.rod.tilisca","article_modified_time":"2021-03-25T09:27:53+00:00","twitter_card":"summary_large_image","twitter_misc":{"Timp estimat pentru citire":"1 minut"},"schema":{"@context":"https:\/\/schema.org","@graph":[{"@type":"WebPage","@id":"https:\/\/pensiunea-iulia-rod.com\/index.php\/atractii\/","url":"https:\/\/pensiunea-iulia-rod.com\/index.php\/atractii\/","name":"Atrac\u021bii - Pensiunea Iulia","isPartOf":{"@id":"https:\/\/pensiunea-iulia-rod.com\/#website"},"datePublished":"2020-01-29T17:14:22+00:00","dateModified":"2021-03-25T09:27:53+00:00","breadcrumb":{"@id":"https:\/\/pensiunea-iulia-rod.com\/index.php\/atractii\/#breadcrumb"},"inLanguage":"ro-RO","potentialAction":[{"@type":"ReadAction","target":["https:\/\/pensiunea-iulia-rod.com\/index.php\/atractii\/"]}]},{"@type":"BreadcrumbList","@id":"https:\/\/pensiunea-iulia-rod.com\/index.php\/atractii\/#breadcrumb","itemListElement":[{"@type":"ListItem","position":1,"name":"Prima pagin\u0103","item":"https:\/\/pensiunea-iulia-rod.com\/"},{"@type":"ListItem","position":2,"name":"Atrac\u021bii"}]},{"@type":"WebSite","@id":"https:\/\/pensiunea-iulia-rod.com\/#website","url":"https:\/\/pensiunea-iulia-rod.com\/","name":"Pensiunea Iulia","description":"Cazare in Marginimea Sibiului","publisher":{"@id":"https:\/\/pensiunea-iulia-rod.com\/#organization"},"potentialAction":[{"@type":"SearchAction","target":{"@type":"EntryPoint","urlTemplate":"https:\/\/pensiunea-iulia-rod.com\/?s={search_term_string}"},"query-input":"required name=search_term_string"}],"inLanguage":"ro-RO"},{"@type":"Organization","@id":"https:\/\/pensiunea-iulia-rod.com\/#organization","name":"Pensiunea Iulia","url":"https:\/\/pensiunea-iulia-rod.com\/","sameAs":["https:\/\/www.facebook.com\/pensiunea.iulia.rod.tilisca"],"logo":{"@type":"ImageObject","inLanguage":"ro-RO","@id":"https:\/\/pensiunea-iulia-rod.com\/#\/schema\/logo\/image\/","url":"https:\/\/pensiunea-iulia-rod.com\/wp-content\/uploads\/2020\/09\/c29b3e63-06e3-4ea3-ae23-dc78e4f30fdb_200x200.png","contentUrl":"https:\/\/pensiunea-iulia-rod.com\/wp-content\/uploads\/2020\/09\/c29b3e63-06e3-4ea3-ae23-dc78e4f30fdb_200x200.png","width":200,"height":200,"caption":"Pensiunea Iulia"},"image":{"@id":"https:\/\/pensiunea-iulia-rod.com\/#\/schema\/logo\/image\/"}}]}},"_links":{"self":[{"href":"https:\/\/pensiunea-iulia-rod.com\/index.php\/wp-json\/wp\/v2\/pages\/381"}],"collection":[{"href":"https:\/\/pensiunea-iulia-rod.com\/index.php\/wp-json\/wp\/v2\/pages"}],"about":[{"href":"https:\/\/pensiunea-iulia-rod.com\/index.php\/wp-json\/wp\/v2\/types\/page"}],"author":[{"embeddable":true,"href":"https:\/\/pensiunea-iulia-rod.com\/index.php\/wp-json\/wp\/v2\/users\/1"}],"replies":[{"embeddable":true,"href":"https:\/\/pensiunea-iulia-rod.com\/index.php\/wp-json\/wp\/v2\/comments?post=381"}],"version-history":[{"count":2,"href":"https:\/\/pensiunea-iulia-rod.com\/index.php\/wp-json\/wp\/v2\/pages\/381\/revisions"}],"predecessor-version":[{"id":658,"href":"https:\/\/pensiunea-iulia-rod.com\/index.php\/wp-json\/wp\/v2\/pages\/381\/revisions\/658"}],"wp:attachment":[{"href":"https:\/\/pensiunea-iulia-rod.com\/index.php\/wp-json\/wp\/v2\/media?parent=381"}],"curies":[{"name":"wp","href":"https:\/\/api.w.org\/{rel}","templated":true}]}}