{"id":370,"date":"2020-01-29T16:53:39","date_gmt":"2020-01-29T16:53:39","guid":{"rendered":"https:\/\/pensiunea-iulia-rod.com\/?page_id=370"},"modified":"2021-03-18T11:50:31","modified_gmt":"2021-03-18T09:50:31","slug":"marginime","status":"publish","type":"page","link":"https:\/\/pensiunea-iulia-rod.com\/index.php\/marginime\/","title":{"rendered":"M\u0103rginime"},"content":{"rendered":"\n<p class=\"has-text-align-center has-large-font-size\"> <strong>M\u0103rginimea Sibiului &#8211; locul \u00een care tradi\u021biile \u0219i obiceiurile au r\u0103mas neatinse de trecerea timpului<\/strong>!  <\/p>\n\n\n\n<p> <em><strong>Sibielul<\/strong><\/em> are cel mai mare <strong><em>muzeu de icoane pe sticl\u0103<\/em><\/strong> din Europa. Acest muzeu a luat fiin\u021b\u0103 \u00eenc\u0103 din anul 1969, av\u00e2nd la \u00eenceput 9 icoane. Ast\u0103zi sunt \u00een jur de 600 de icoane str\u00e2nse de la s\u0103tenii din Sibiel \u0219i din satele \u00eenvecinate. Multe dintre acestea au o vechime de peste 200 de ani, valoarea lor fiind inestimabil\u0103. Biserica \u201eSf\u00e2nta Treime\u201d din Sibiel construit\u0103 \u00een anul 1765 este l\u0103ca\u0219ul de cult care figureaz\u0103 pe lista monumentelor istorice. <em><strong>R\u0103\u0219inari<\/strong><\/em> este satul \u00een care g\u0103sim Casa Memorial\u0103 a lui Octavian Goga. Tot aici putem admira obiecte din ceramic\u0103 \u0219i mobil\u0103 pictat\u0103 \u00een Muzeul S\u0103tesc. Biserica &#8222;Sf\u00e2nta Paraschiva&#8221; este singura biseric\u0103 pictat\u0103 pe exterior \u0219i de aceea se mai nume\u0219te \u0219i &#8222;Vorone\u021bul Transilvaniei&#8221;. <\/p>\n\n\n\n<figure class=\"wp-block-image size-full\"><img width=\"1100\" height=\"715\" src=\"https:\/\/pensiunea-iulia-rod.com\/wp-content\/uploads\/2020\/01\/2marginime1110x720.jpg\" alt=\"Sat din M\u0103rginime\" class=\"wp-image-372\" srcset=\"https:\/\/pensiunea-iulia-rod.com\/wp-content\/uploads\/2020\/01\/2marginime1110x720.jpg 1100w, https:\/\/pensiunea-iulia-rod.com\/wp-content\/uploads\/2020\/01\/2marginime1110x720-300x195.jpg 300w, https:\/\/pensiunea-iulia-rod.com\/wp-content\/uploads\/2020\/01\/2marginime1110x720-1024x665.jpg 1024w, https:\/\/pensiunea-iulia-rod.com\/wp-content\/uploads\/2020\/01\/2marginime1110x720-768x499.jpg 768w\" sizes=\"(max-width: 1100px) 100vw, 1100px\" \/><figcaption>Sat din M\u0103rginime<\/figcaption><\/figure>\n\n\n\n<p> <em><strong>S\u0103li\u0219te<\/strong><\/em>   este satul \u00een care \u00eei po\u021bi admira \u00een fiecare duminic\u0103 sau zi de   s\u0103rb\u0103toare pe locuitorii care poart\u0103 costume tradi\u021bionale brodate \u00een alb   \u0219i negru. \u201d\u00cent\u00e2lnirea Junilor\u201d este un  eveniment de tradi\u021bie care are  loc \u00een a patra zi de Cr\u0103ciun (28  decembrie) \u00een satul S\u0103li\u0219te din  M\u0103rginimea Sibiului. Obiceiul este  foarte vechi, dateaz\u0103 din 1895.  Tinerii \u00eembraca\u021bi de s\u0103rbatoare joac\u0103  &#8222;Br\u00e2ul&#8221; sau &#8222;C\u0103lu\u0219ul&#8221;.  <strong><em>Jina<\/em><\/strong>  se  laud\u0103 cu  bog\u0103\u021biile \u00een materie de cultur\u0103 \u0219i tradi\u021bii. Festivalul  &#8222;Sus  pe muntele din Jina&#8221; atrage an de an foarte mul\u021bi turi\u0219ti rom\u00e2ni  \u0219i str\u0103ini  fascina\u021bi de folclorul rom\u00e2nesc.  <\/p>\n\n\n\n<figure class=\"wp-block-image size-full\"><img width=\"1100\" height=\"714\" src=\"https:\/\/pensiunea-iulia-rod.com\/wp-content\/uploads\/2020\/01\/fiiisatuluirod1110x720-2.jpg\" alt=\"\u00cent\u00e2lnire fiii satului - Rod\" class=\"wp-image-374\" srcset=\"https:\/\/pensiunea-iulia-rod.com\/wp-content\/uploads\/2020\/01\/fiiisatuluirod1110x720-2.jpg 1100w, https:\/\/pensiunea-iulia-rod.com\/wp-content\/uploads\/2020\/01\/fiiisatuluirod1110x720-2-300x195.jpg 300w, https:\/\/pensiunea-iulia-rod.com\/wp-content\/uploads\/2020\/01\/fiiisatuluirod1110x720-2-1024x664.jpg 1024w, https:\/\/pensiunea-iulia-rod.com\/wp-content\/uploads\/2020\/01\/fiiisatuluirod1110x720-2-768x498.jpg 768w\" sizes=\"(max-width: 1100px) 100vw, 1100px\" \/><figcaption>\u00cent\u00e2lnirea fiilor satului &#8211; Rod<\/figcaption><\/figure>\n\n\n\n<p> \u00cen satul <em><strong>Rod&nbsp;<\/strong><\/em> exist\u0103 un obicei tradi\u021bional de   Pa\u0219ti numit \u201dMironosi\u021bele\u201d. Obiceiul aminte\u0219te de legenda biblic\u0103 a  mironosi\u021belor care s-au dus s\u0103 ung\u0103 trupul lui Iisus cu mir \u0219i au g\u0103sit   morm\u00e2ntul gol. Mironosi\u021be pot fi doar copile cu v\u00e2rste cuprinse \u00eentre 7  \u0219i 12 ani, consider\u00e2ndu-se c\u0103 acestea trebuie s\u0103 fie fecioare.   Desf\u0103\u0219urarea acestui obicei are loc \u00een Biserica din sat, dup\u0103 slujba din  noaptea \u00cenvierii. Rolurile de \u201dcrai\u201d le revin b\u0103ie\u021bilor, care \u00eei  interpreteaz\u0103 pe Iisus, \u00cengerul \u0219i Suta\u0219ul.  <\/p>\n\n\n\n<p> <em><strong>Gale<\/strong><\/em><strong><em>\u0219<\/em><\/strong> este satul care de\u021bine o colec\u021bie impresionant\u0103 de costume populare adunate \u00een &#8222;Muzeul din Gale\u0219&#8221;. <em><strong>F\u00e2ntanele<\/strong><\/em> este loc de basm cu case arhaice, livezi \u0219i f\u00e2ne\u021be pitore\u0219ti, cu &#8222;Muzeul S\u0103tesc&#8221; care expune obiecte de artizanat \u0219i icoane.  <\/p>\n\n\n\n<figure class=\"wp-block-image size-full\"><img width=\"1100\" height=\"715\" src=\"https:\/\/pensiunea-iulia-rod.com\/wp-content\/uploads\/2020\/01\/1marginime1110x720-2.jpg\" alt=\"Peisaj de toamn\u0103\" class=\"wp-image-375\" srcset=\"https:\/\/pensiunea-iulia-rod.com\/wp-content\/uploads\/2020\/01\/1marginime1110x720-2.jpg 1100w, https:\/\/pensiunea-iulia-rod.com\/wp-content\/uploads\/2020\/01\/1marginime1110x720-2-300x195.jpg 300w, https:\/\/pensiunea-iulia-rod.com\/wp-content\/uploads\/2020\/01\/1marginime1110x720-2-1024x665.jpg 1024w, https:\/\/pensiunea-iulia-rod.com\/wp-content\/uploads\/2020\/01\/1marginime1110x720-2-768x499.jpg 768w\" sizes=\"(max-width: 1100px) 100vw, 1100px\" \/><figcaption>Peisaj de toamn\u0103<\/figcaption><\/figure>\n\n\n\n<p> De \u201dUdatul Ionilor\u201d, un obicei specific satului <em><strong>T\u0103lmace<\/strong><\/em>l,   s-a auzit p\u00e2n\u0103 peste hotare. \u00cen fiecare an, de Sf\u00e2ntul Ion (7  ianuarie), localnicii se \u00eembrac\u0103 \u00een straie de s\u0103rb\u0103toare \u0219i se duc la   r\u00e2u. Primul care este botezat \u00een apa r\u00e2ului este preotul, dup\u0103 care to\u021bi   b\u0103ie\u021bii ce poart\u0103 numele de Ion sunt stropi\u021bi cu ap\u0103 din r\u00e2u pentru a   fi feri\u021bi de rele \u0219i ocroti\u021bi de Sf\u00e2ntul Ioan. <\/p>\n","protected":false},"excerpt":{"rendered":"<p>M\u0103rginimea Sibiului &#8211; locul \u00een care tradi\u021biile \u0219i obiceiurile au r\u0103mas neatinse de trecerea timpului! Sibielul are cel mai mare muzeu de icoane pe sticl\u0103 din Europa. Acest muzeu a luat fiin\u021b\u0103 \u00eenc\u0103 din anul 1969, av\u00e2nd la \u00eenceput 9 icoane. Ast\u0103zi sunt \u00een jur de 600 de icoane str\u00e2nse de la s\u0103tenii din Sibiel [&hellip;]<\/p>\n","protected":false},"author":1,"featured_media":0,"parent":0,"menu_order":0,"comment_status":"closed","ping_status":"closed","template":"","meta":[],"yoast_head":"<!-- This site is optimized with the Yoast SEO plugin v19.7.1 - https:\/\/yoast.com\/wordpress\/plugins\/seo\/ -->\n<title>M\u0103rginime - Pensiunea Iulia - M\u0103rginime - traditii, locuri si obiceiuri<\/title>\n<meta name=\"description\" content=\"M\u0103rginimea Sibiului - locul \u00een care tradi\u021biile \u0219i obiceiurile au r\u0103mas neatinse de trecerea timpului!\" \/>\n<meta name=\"robots\" content=\"index, follow, max-snippet:-1, max-image-preview:large, max-video-preview:-1\" \/>\n<link rel=\"canonical\" href=\"https:\/\/pensiunea-iulia-rod.com\/index.php\/marginime\/\" \/>\n<meta property=\"og:locale\" content=\"ro_RO\" \/>\n<meta property=\"og:type\" content=\"article\" \/>\n<meta property=\"og:title\" content=\"M\u0103rginime - Pensiunea Iulia - M\u0103rginime - traditii, locuri si obiceiuri\" \/>\n<meta property=\"og:description\" content=\"M\u0103rginimea Sibiului - locul \u00een care tradi\u021biile \u0219i obiceiurile au r\u0103mas neatinse de trecerea timpului!\" \/>\n<meta property=\"og:url\" content=\"https:\/\/pensiunea-iulia-rod.com\/index.php\/marginime\/\" \/>\n<meta property=\"og:site_name\" content=\"Pensiunea Iulia\" \/>\n<meta property=\"article:publisher\" content=\"https:\/\/www.facebook.com\/pensiunea.iulia.rod.tilisca\" \/>\n<meta property=\"article:modified_time\" content=\"2021-03-18T09:50:31+00:00\" \/>\n<meta property=\"og:image\" content=\"https:\/\/pensiunea-iulia-rod.com\/wp-content\/uploads\/2020\/01\/2marginime1110x720.jpg\" \/>\n<meta name=\"twitter:card\" content=\"summary_large_image\" \/>\n<meta name=\"twitter:label1\" content=\"Timp estimat pentru citire\" \/>\n\t<meta name=\"twitter:data1\" content=\"3 minute\" \/>\n<script type=\"application\/ld+json\" class=\"yoast-schema-graph\">{\"@context\":\"https:\/\/schema.org\",\"@graph\":[{\"@type\":\"WebPage\",\"@id\":\"https:\/\/pensiunea-iulia-rod.com\/index.php\/marginime\/\",\"url\":\"https:\/\/pensiunea-iulia-rod.com\/index.php\/marginime\/\",\"name\":\"M\u0103rginime - Pensiunea Iulia - M\u0103rginime - traditii, locuri si obiceiuri\",\"isPartOf\":{\"@id\":\"https:\/\/pensiunea-iulia-rod.com\/#website\"},\"datePublished\":\"2020-01-29T16:53:39+00:00\",\"dateModified\":\"2021-03-18T09:50:31+00:00\",\"description\":\"M\u0103rginimea Sibiului - locul \u00een care tradi\u021biile \u0219i obiceiurile au r\u0103mas neatinse de trecerea timpului!\",\"breadcrumb\":{\"@id\":\"https:\/\/pensiunea-iulia-rod.com\/index.php\/marginime\/#breadcrumb\"},\"inLanguage\":\"ro-RO\",\"potentialAction\":[{\"@type\":\"ReadAction\",\"target\":[\"https:\/\/pensiunea-iulia-rod.com\/index.php\/marginime\/\"]}]},{\"@type\":\"BreadcrumbList\",\"@id\":\"https:\/\/pensiunea-iulia-rod.com\/index.php\/marginime\/#breadcrumb\",\"itemListElement\":[{\"@type\":\"ListItem\",\"position\":1,\"name\":\"Prima pagin\u0103\",\"item\":\"https:\/\/pensiunea-iulia-rod.com\/\"},{\"@type\":\"ListItem\",\"position\":2,\"name\":\"M\u0103rginime\"}]},{\"@type\":\"WebSite\",\"@id\":\"https:\/\/pensiunea-iulia-rod.com\/#website\",\"url\":\"https:\/\/pensiunea-iulia-rod.com\/\",\"name\":\"Pensiunea Iulia\",\"description\":\"Cazare in Marginimea Sibiului\",\"publisher\":{\"@id\":\"https:\/\/pensiunea-iulia-rod.com\/#organization\"},\"potentialAction\":[{\"@type\":\"SearchAction\",\"target\":{\"@type\":\"EntryPoint\",\"urlTemplate\":\"https:\/\/pensiunea-iulia-rod.com\/?s={search_term_string}\"},\"query-input\":\"required name=search_term_string\"}],\"inLanguage\":\"ro-RO\"},{\"@type\":\"Organization\",\"@id\":\"https:\/\/pensiunea-iulia-rod.com\/#organization\",\"name\":\"Pensiunea Iulia\",\"url\":\"https:\/\/pensiunea-iulia-rod.com\/\",\"sameAs\":[\"https:\/\/www.facebook.com\/pensiunea.iulia.rod.tilisca\"],\"logo\":{\"@type\":\"ImageObject\",\"inLanguage\":\"ro-RO\",\"@id\":\"https:\/\/pensiunea-iulia-rod.com\/#\/schema\/logo\/image\/\",\"url\":\"https:\/\/pensiunea-iulia-rod.com\/wp-content\/uploads\/2020\/09\/c29b3e63-06e3-4ea3-ae23-dc78e4f30fdb_200x200.png\",\"contentUrl\":\"https:\/\/pensiunea-iulia-rod.com\/wp-content\/uploads\/2020\/09\/c29b3e63-06e3-4ea3-ae23-dc78e4f30fdb_200x200.png\",\"width\":200,\"height\":200,\"caption\":\"Pensiunea Iulia\"},\"image\":{\"@id\":\"https:\/\/pensiunea-iulia-rod.com\/#\/schema\/logo\/image\/\"}}]}<\/script>\n<!-- \/ Yoast SEO plugin. -->","yoast_head_json":{"title":"M\u0103rginime - Pensiunea Iulia - M\u0103rginime - traditii, locuri si obiceiuri","description":"M\u0103rginimea Sibiului - locul \u00een care tradi\u021biile \u0219i obiceiurile au r\u0103mas neatinse de trecerea timpului!","robots":{"index":"index","follow":"follow","max-snippet":"max-snippet:-1","max-image-preview":"max-image-preview:large","max-video-preview":"max-video-preview:-1"},"canonical":"https:\/\/pensiunea-iulia-rod.com\/index.php\/marginime\/","og_locale":"ro_RO","og_type":"article","og_title":"M\u0103rginime - Pensiunea Iulia - M\u0103rginime - traditii, locuri si obiceiuri","og_description":"M\u0103rginimea Sibiului - locul \u00een care tradi\u021biile \u0219i obiceiurile au r\u0103mas neatinse de trecerea timpului!","og_url":"https:\/\/pensiunea-iulia-rod.com\/index.php\/marginime\/","og_site_name":"Pensiunea Iulia","article_publisher":"https:\/\/www.facebook.com\/pensiunea.iulia.rod.tilisca","article_modified_time":"2021-03-18T09:50:31+00:00","og_image":[{"url":"https:\/\/pensiunea-iulia-rod.com\/wp-content\/uploads\/2020\/01\/2marginime1110x720.jpg"}],"twitter_card":"summary_large_image","twitter_misc":{"Timp estimat pentru citire":"3 minute"},"schema":{"@context":"https:\/\/schema.org","@graph":[{"@type":"WebPage","@id":"https:\/\/pensiunea-iulia-rod.com\/index.php\/marginime\/","url":"https:\/\/pensiunea-iulia-rod.com\/index.php\/marginime\/","name":"M\u0103rginime - Pensiunea Iulia - M\u0103rginime - traditii, locuri si obiceiuri","isPartOf":{"@id":"https:\/\/pensiunea-iulia-rod.com\/#website"},"datePublished":"2020-01-29T16:53:39+00:00","dateModified":"2021-03-18T09:50:31+00:00","description":"M\u0103rginimea Sibiului - locul \u00een care tradi\u021biile \u0219i obiceiurile au r\u0103mas neatinse de trecerea timpului!","breadcrumb":{"@id":"https:\/\/pensiunea-iulia-rod.com\/index.php\/marginime\/#breadcrumb"},"inLanguage":"ro-RO","potentialAction":[{"@type":"ReadAction","target":["https:\/\/pensiunea-iulia-rod.com\/index.php\/marginime\/"]}]},{"@type":"BreadcrumbList","@id":"https:\/\/pensiunea-iulia-rod.com\/index.php\/marginime\/#breadcrumb","itemListElement":[{"@type":"ListItem","position":1,"name":"Prima pagin\u0103","item":"https:\/\/pensiunea-iulia-rod.com\/"},{"@type":"ListItem","position":2,"name":"M\u0103rginime"}]},{"@type":"WebSite","@id":"https:\/\/pensiunea-iulia-rod.com\/#website","url":"https:\/\/pensiunea-iulia-rod.com\/","name":"Pensiunea Iulia","description":"Cazare in Marginimea Sibiului","publisher":{"@id":"https:\/\/pensiunea-iulia-rod.com\/#organization"},"potentialAction":[{"@type":"SearchAction","target":{"@type":"EntryPoint","urlTemplate":"https:\/\/pensiunea-iulia-rod.com\/?s={search_term_string}"},"query-input":"required name=search_term_string"}],"inLanguage":"ro-RO"},{"@type":"Organization","@id":"https:\/\/pensiunea-iulia-rod.com\/#organization","name":"Pensiunea Iulia","url":"https:\/\/pensiunea-iulia-rod.com\/","sameAs":["https:\/\/www.facebook.com\/pensiunea.iulia.rod.tilisca"],"logo":{"@type":"ImageObject","inLanguage":"ro-RO","@id":"https:\/\/pensiunea-iulia-rod.com\/#\/schema\/logo\/image\/","url":"https:\/\/pensiunea-iulia-rod.com\/wp-content\/uploads\/2020\/09\/c29b3e63-06e3-4ea3-ae23-dc78e4f30fdb_200x200.png","contentUrl":"https:\/\/pensiunea-iulia-rod.com\/wp-content\/uploads\/2020\/09\/c29b3e63-06e3-4ea3-ae23-dc78e4f30fdb_200x200.png","width":200,"height":200,"caption":"Pensiunea Iulia"},"image":{"@id":"https:\/\/pensiunea-iulia-rod.com\/#\/schema\/logo\/image\/"}}]}},"_links":{"self":[{"href":"https:\/\/pensiunea-iulia-rod.com\/index.php\/wp-json\/wp\/v2\/pages\/370"}],"collection":[{"href":"https:\/\/pensiunea-iulia-rod.com\/index.php\/wp-json\/wp\/v2\/pages"}],"about":[{"href":"https:\/\/pensiunea-iulia-rod.com\/index.php\/wp-json\/wp\/v2\/types\/page"}],"author":[{"embeddable":true,"href":"https:\/\/pensiunea-iulia-rod.com\/index.php\/wp-json\/wp\/v2\/users\/1"}],"replies":[{"embeddable":true,"href":"https:\/\/pensiunea-iulia-rod.com\/index.php\/wp-json\/wp\/v2\/comments?post=370"}],"version-history":[{"count":5,"href":"https:\/\/pensiunea-iulia-rod.com\/index.php\/wp-json\/wp\/v2\/pages\/370\/revisions"}],"predecessor-version":[{"id":752,"href":"https:\/\/pensiunea-iulia-rod.com\/index.php\/wp-json\/wp\/v2\/pages\/370\/revisions\/752"}],"wp:attachment":[{"href":"https:\/\/pensiunea-iulia-rod.com\/index.php\/wp-json\/wp\/v2\/media?parent=370"}],"curies":[{"name":"wp","href":"https:\/\/api.w.org\/{rel}","templated":true}]}}