{"id":366,"date":"2020-01-29T16:49:46","date_gmt":"2020-01-29T16:49:46","guid":{"rendered":"https:\/\/pensiunea-iulia-rod.com\/?page_id=366"},"modified":"2021-03-18T11:52:09","modified_gmt":"2021-03-18T09:52:09","slug":"transalpina","status":"publish","type":"page","link":"https:\/\/pensiunea-iulia-rod.com\/index.php\/transalpina\/","title":{"rendered":"Transalpina"},"content":{"rendered":"\n<p class=\"has-text-align-center has-large-font-size\"> <strong>Drumul \u0219erpuitor printre minunile naturii! Face\u021bi un popas la una dintre st\u00e2ne \u0219i gusta\u021bi din bucatele preparate la foc de lemn!<\/strong> <\/p>\n\n\n\n<p>  Ini\u021bial, Transalpina a fost  o potec\u0103 de munte, folosit\u0103 de c\u0103tre p\u0103storii din M\u0103rginimea Sibiului pentru a traversa mun\u021bii cu turmele de  oi \u00een \u021aara Rom\u00e2neasc\u0103.  Drumul este supranumit \u201ePoteca Dracului\u201d,   \u201eDrumul Regelui\u201d sau \u201eDrumul regal\u201d.  Transalpina (DN 67C) este o \u0219osea   din Mun\u021bii Par\u00e2ng, \u00een Carpa\u021bii   Meridionali. <\/p>\n\n\n\n<figure class=\"wp-block-image size-full\"><img width=\"1100\" height=\"714\" src=\"https:\/\/pensiunea-iulia-rod.com\/wp-content\/uploads\/2020\/01\/transalpina1110x720.jpg\" alt=\"\" class=\"wp-image-368\" srcset=\"https:\/\/pensiunea-iulia-rod.com\/wp-content\/uploads\/2020\/01\/transalpina1110x720.jpg 1100w, https:\/\/pensiunea-iulia-rod.com\/wp-content\/uploads\/2020\/01\/transalpina1110x720-300x195.jpg 300w, https:\/\/pensiunea-iulia-rod.com\/wp-content\/uploads\/2020\/01\/transalpina1110x720-1024x664.jpg 1024w, https:\/\/pensiunea-iulia-rod.com\/wp-content\/uploads\/2020\/01\/transalpina1110x720-768x498.jpg 768w\" sizes=\"(max-width: 1100px) 100vw, 1100px\" \/><figcaption>Transalpina<br><\/figcaption><\/figure>\n\n\n\n<p> Este cea mai \u00eenalt\u0103 \u0219osea din Rom\u00e2nia, av\u00e2nd punctul cel mai \u00eenalt \u00een  Pasul Urdele (la 2.145 m). Ea face leg\u0103tura \u00eentre ora\u0219ele Novaci din  jude\u021bul Gorj \u0219i Sebe\u0219 din jude\u021bul Alba. Str\u0103bate \u0219ase masive muntoase:  Cindrel, \u015eureanu, Lotru, Par\u00e2ng, Latori\u0163ei \u0219i C\u0103p\u0103\u0163\u00e2nii. Ca lungime,  Transalpina are 141 de kilometri, iar  localit\u0103\u021bile \u0219i lacurile pe unde  trece drumul sunt \u00een ordine: Sebe\u0219 \u2013   Petre\u0219ti \u2013 Sebe\u0219el \u2013 S\u0103sciori \u2013  Laz \u2013 C\u0103p\u00e2lna \u2013 M\u0103rtinie \u2013 \u0218ugag \u2013   lacul T\u0103u \u2013 lacul Oa\u0219a \u2013 Ob\u00e2r\u0219ia  Lotrului \u2013 R\u00e2nca \u2013 Novaci. Fiind un drum  montan, este \u00eenchis pe  perioada iernii. <\/p>\n","protected":false},"excerpt":{"rendered":"<p>Drumul \u0219erpuitor printre minunile naturii! Face\u021bi un popas la una dintre st\u00e2ne \u0219i gusta\u021bi din bucatele preparate la foc de lemn! Ini\u021bial, Transalpina a fost o potec\u0103 de munte, folosit\u0103 de c\u0103tre p\u0103storii din M\u0103rginimea Sibiului pentru a traversa mun\u021bii cu turmele de oi \u00een \u021aara Rom\u00e2neasc\u0103. Drumul este supranumit \u201ePoteca Dracului\u201d, \u201eDrumul Regelui\u201d sau [&hellip;]<\/p>\n","protected":false},"author":1,"featured_media":0,"parent":0,"menu_order":0,"comment_status":"closed","ping_status":"closed","template":"","meta":[],"yoast_head":"<!-- This site is optimized with the Yoast SEO plugin v19.7.1 - https:\/\/yoast.com\/wordpress\/plugins\/seo\/ -->\n<title>Transalpina - Pensiunea Iulia - Drumul regelui - un drum de vis<\/title>\n<meta name=\"description\" content=\"Drumul \u0219erpuitor printre minunile naturii! Face\u021bi un popas la una dintre st\u00e2ne \u0219i gusta\u021bi din bucatele preparate la foc de lemn!\" \/>\n<meta name=\"robots\" content=\"index, follow, max-snippet:-1, max-image-preview:large, max-video-preview:-1\" \/>\n<link rel=\"canonical\" href=\"https:\/\/pensiunea-iulia-rod.com\/index.php\/transalpina\/\" \/>\n<meta property=\"og:locale\" content=\"ro_RO\" \/>\n<meta property=\"og:type\" content=\"article\" \/>\n<meta property=\"og:title\" content=\"Transalpina - Pensiunea Iulia - Drumul regelui - un drum de vis\" \/>\n<meta property=\"og:description\" content=\"Drumul \u0219erpuitor printre minunile naturii! Face\u021bi un popas la una dintre st\u00e2ne \u0219i gusta\u021bi din bucatele preparate la foc de lemn!\" \/>\n<meta property=\"og:url\" content=\"https:\/\/pensiunea-iulia-rod.com\/index.php\/transalpina\/\" \/>\n<meta property=\"og:site_name\" content=\"Pensiunea Iulia\" \/>\n<meta property=\"article:publisher\" content=\"https:\/\/www.facebook.com\/pensiunea.iulia.rod.tilisca\" \/>\n<meta property=\"article:modified_time\" content=\"2021-03-18T09:52:09+00:00\" \/>\n<meta property=\"og:image\" content=\"https:\/\/pensiunea-iulia-rod.com\/wp-content\/uploads\/2020\/01\/transalpina1110x720.jpg\" \/>\n<meta name=\"twitter:card\" content=\"summary_large_image\" \/>\n<meta name=\"twitter:label1\" content=\"Timp estimat pentru citire\" \/>\n\t<meta name=\"twitter:data1\" content=\"1 minut\" \/>\n<script type=\"application\/ld+json\" class=\"yoast-schema-graph\">{\"@context\":\"https:\/\/schema.org\",\"@graph\":[{\"@type\":\"WebPage\",\"@id\":\"https:\/\/pensiunea-iulia-rod.com\/index.php\/transalpina\/\",\"url\":\"https:\/\/pensiunea-iulia-rod.com\/index.php\/transalpina\/\",\"name\":\"Transalpina - Pensiunea Iulia - Drumul regelui - un drum de vis\",\"isPartOf\":{\"@id\":\"https:\/\/pensiunea-iulia-rod.com\/#website\"},\"datePublished\":\"2020-01-29T16:49:46+00:00\",\"dateModified\":\"2021-03-18T09:52:09+00:00\",\"description\":\"Drumul \u0219erpuitor printre minunile naturii! Face\u021bi un popas la una dintre st\u00e2ne \u0219i gusta\u021bi din bucatele preparate la foc de lemn!\",\"breadcrumb\":{\"@id\":\"https:\/\/pensiunea-iulia-rod.com\/index.php\/transalpina\/#breadcrumb\"},\"inLanguage\":\"ro-RO\",\"potentialAction\":[{\"@type\":\"ReadAction\",\"target\":[\"https:\/\/pensiunea-iulia-rod.com\/index.php\/transalpina\/\"]}]},{\"@type\":\"BreadcrumbList\",\"@id\":\"https:\/\/pensiunea-iulia-rod.com\/index.php\/transalpina\/#breadcrumb\",\"itemListElement\":[{\"@type\":\"ListItem\",\"position\":1,\"name\":\"Prima pagin\u0103\",\"item\":\"https:\/\/pensiunea-iulia-rod.com\/\"},{\"@type\":\"ListItem\",\"position\":2,\"name\":\"Transalpina\"}]},{\"@type\":\"WebSite\",\"@id\":\"https:\/\/pensiunea-iulia-rod.com\/#website\",\"url\":\"https:\/\/pensiunea-iulia-rod.com\/\",\"name\":\"Pensiunea Iulia\",\"description\":\"Cazare in Marginimea Sibiului\",\"publisher\":{\"@id\":\"https:\/\/pensiunea-iulia-rod.com\/#organization\"},\"potentialAction\":[{\"@type\":\"SearchAction\",\"target\":{\"@type\":\"EntryPoint\",\"urlTemplate\":\"https:\/\/pensiunea-iulia-rod.com\/?s={search_term_string}\"},\"query-input\":\"required name=search_term_string\"}],\"inLanguage\":\"ro-RO\"},{\"@type\":\"Organization\",\"@id\":\"https:\/\/pensiunea-iulia-rod.com\/#organization\",\"name\":\"Pensiunea Iulia\",\"url\":\"https:\/\/pensiunea-iulia-rod.com\/\",\"sameAs\":[\"https:\/\/www.facebook.com\/pensiunea.iulia.rod.tilisca\"],\"logo\":{\"@type\":\"ImageObject\",\"inLanguage\":\"ro-RO\",\"@id\":\"https:\/\/pensiunea-iulia-rod.com\/#\/schema\/logo\/image\/\",\"url\":\"https:\/\/pensiunea-iulia-rod.com\/wp-content\/uploads\/2020\/09\/c29b3e63-06e3-4ea3-ae23-dc78e4f30fdb_200x200.png\",\"contentUrl\":\"https:\/\/pensiunea-iulia-rod.com\/wp-content\/uploads\/2020\/09\/c29b3e63-06e3-4ea3-ae23-dc78e4f30fdb_200x200.png\",\"width\":200,\"height\":200,\"caption\":\"Pensiunea Iulia\"},\"image\":{\"@id\":\"https:\/\/pensiunea-iulia-rod.com\/#\/schema\/logo\/image\/\"}}]}<\/script>\n<!-- \/ Yoast SEO plugin. -->","yoast_head_json":{"title":"Transalpina - Pensiunea Iulia - Drumul regelui - un drum de vis","description":"Drumul \u0219erpuitor printre minunile naturii! Face\u021bi un popas la una dintre st\u00e2ne \u0219i gusta\u021bi din bucatele preparate la foc de lemn!","robots":{"index":"index","follow":"follow","max-snippet":"max-snippet:-1","max-image-preview":"max-image-preview:large","max-video-preview":"max-video-preview:-1"},"canonical":"https:\/\/pensiunea-iulia-rod.com\/index.php\/transalpina\/","og_locale":"ro_RO","og_type":"article","og_title":"Transalpina - Pensiunea Iulia - Drumul regelui - un drum de vis","og_description":"Drumul \u0219erpuitor printre minunile naturii! Face\u021bi un popas la una dintre st\u00e2ne \u0219i gusta\u021bi din bucatele preparate la foc de lemn!","og_url":"https:\/\/pensiunea-iulia-rod.com\/index.php\/transalpina\/","og_site_name":"Pensiunea Iulia","article_publisher":"https:\/\/www.facebook.com\/pensiunea.iulia.rod.tilisca","article_modified_time":"2021-03-18T09:52:09+00:00","og_image":[{"url":"https:\/\/pensiunea-iulia-rod.com\/wp-content\/uploads\/2020\/01\/transalpina1110x720.jpg"}],"twitter_card":"summary_large_image","twitter_misc":{"Timp estimat pentru citire":"1 minut"},"schema":{"@context":"https:\/\/schema.org","@graph":[{"@type":"WebPage","@id":"https:\/\/pensiunea-iulia-rod.com\/index.php\/transalpina\/","url":"https:\/\/pensiunea-iulia-rod.com\/index.php\/transalpina\/","name":"Transalpina - Pensiunea Iulia - Drumul regelui - un drum de vis","isPartOf":{"@id":"https:\/\/pensiunea-iulia-rod.com\/#website"},"datePublished":"2020-01-29T16:49:46+00:00","dateModified":"2021-03-18T09:52:09+00:00","description":"Drumul \u0219erpuitor printre minunile naturii! Face\u021bi un popas la una dintre st\u00e2ne \u0219i gusta\u021bi din bucatele preparate la foc de lemn!","breadcrumb":{"@id":"https:\/\/pensiunea-iulia-rod.com\/index.php\/transalpina\/#breadcrumb"},"inLanguage":"ro-RO","potentialAction":[{"@type":"ReadAction","target":["https:\/\/pensiunea-iulia-rod.com\/index.php\/transalpina\/"]}]},{"@type":"BreadcrumbList","@id":"https:\/\/pensiunea-iulia-rod.com\/index.php\/transalpina\/#breadcrumb","itemListElement":[{"@type":"ListItem","position":1,"name":"Prima pagin\u0103","item":"https:\/\/pensiunea-iulia-rod.com\/"},{"@type":"ListItem","position":2,"name":"Transalpina"}]},{"@type":"WebSite","@id":"https:\/\/pensiunea-iulia-rod.com\/#website","url":"https:\/\/pensiunea-iulia-rod.com\/","name":"Pensiunea Iulia","description":"Cazare in Marginimea Sibiului","publisher":{"@id":"https:\/\/pensiunea-iulia-rod.com\/#organization"},"potentialAction":[{"@type":"SearchAction","target":{"@type":"EntryPoint","urlTemplate":"https:\/\/pensiunea-iulia-rod.com\/?s={search_term_string}"},"query-input":"required name=search_term_string"}],"inLanguage":"ro-RO"},{"@type":"Organization","@id":"https:\/\/pensiunea-iulia-rod.com\/#organization","name":"Pensiunea Iulia","url":"https:\/\/pensiunea-iulia-rod.com\/","sameAs":["https:\/\/www.facebook.com\/pensiunea.iulia.rod.tilisca"],"logo":{"@type":"ImageObject","inLanguage":"ro-RO","@id":"https:\/\/pensiunea-iulia-rod.com\/#\/schema\/logo\/image\/","url":"https:\/\/pensiunea-iulia-rod.com\/wp-content\/uploads\/2020\/09\/c29b3e63-06e3-4ea3-ae23-dc78e4f30fdb_200x200.png","contentUrl":"https:\/\/pensiunea-iulia-rod.com\/wp-content\/uploads\/2020\/09\/c29b3e63-06e3-4ea3-ae23-dc78e4f30fdb_200x200.png","width":200,"height":200,"caption":"Pensiunea Iulia"},"image":{"@id":"https:\/\/pensiunea-iulia-rod.com\/#\/schema\/logo\/image\/"}}]}},"_links":{"self":[{"href":"https:\/\/pensiunea-iulia-rod.com\/index.php\/wp-json\/wp\/v2\/pages\/366"}],"collection":[{"href":"https:\/\/pensiunea-iulia-rod.com\/index.php\/wp-json\/wp\/v2\/pages"}],"about":[{"href":"https:\/\/pensiunea-iulia-rod.com\/index.php\/wp-json\/wp\/v2\/types\/page"}],"author":[{"embeddable":true,"href":"https:\/\/pensiunea-iulia-rod.com\/index.php\/wp-json\/wp\/v2\/users\/1"}],"replies":[{"embeddable":true,"href":"https:\/\/pensiunea-iulia-rod.com\/index.php\/wp-json\/wp\/v2\/comments?post=366"}],"version-history":[{"count":2,"href":"https:\/\/pensiunea-iulia-rod.com\/index.php\/wp-json\/wp\/v2\/pages\/366\/revisions"}],"predecessor-version":[{"id":369,"href":"https:\/\/pensiunea-iulia-rod.com\/index.php\/wp-json\/wp\/v2\/pages\/366\/revisions\/369"}],"wp:attachment":[{"href":"https:\/\/pensiunea-iulia-rod.com\/index.php\/wp-json\/wp\/v2\/media?parent=366"}],"curies":[{"name":"wp","href":"https:\/\/api.w.org\/{rel}","templated":true}]}}