{"id":362,"date":"2020-01-29T16:46:06","date_gmt":"2020-01-29T16:46:06","guid":{"rendered":"https:\/\/pensiunea-iulia-rod.com\/?page_id=362"},"modified":"2021-03-18T11:46:32","modified_gmt":"2021-03-18T09:46:32","slug":"paltinis","status":"publish","type":"page","link":"https:\/\/pensiunea-iulia-rod.com\/index.php\/paltinis\/","title":{"rendered":"P\u0103ltini\u0219"},"content":{"rendered":"\n<p class=\"has-text-align-center has-large-font-size\"> <strong>V\u0103 plac drume\u021biile montane? P\u0103ltini\u0219 este destina\u021bia ideal\u0103, deoarece are ceva special!<\/strong> <\/p>\n\n\n\n<p>    Este cea mai veche sta\u021biune turistic\u0103 montan\u0103 din Rom\u00e2nia, fiind inaugurat\u0103 \u00een anul 1894 \u0219i este una dintre sta\u021biunile cele mai \u00eenalte, amplasat\u0103 la o altitudine de 1.442 metri. Ea se afl\u0103 \u00een Mun\u021bii Cindrel \u0219i este \u00eenconjurat\u0103 de p\u0103duri dese. Dac\u0103 urca\u021bi pe V\u00e2rful B\u0103tr\u00e2na vi se vor dezv\u0103lui \u00een fa\u021ba ochilor peisaje \u00eenc\u00e2nt\u0103toare. Aerul proasp\u0103t v\u0103 va \u00eenso\u021bi pe potecile din p\u0103dure. Nu v\u0103 speria\u021bi dac\u0103 auzi\u021bi c\u00e2inii l\u0103tr\u00e2nd! \u00cen apropiere de B\u0103tr\u00e2na este o st\u00e2n\u0103 unde ciobanii primesc bucuro\u0219i oaspe\u021bii. Dup\u0103 o zi petrecut\u0103 pe munte, v\u0103 pute\u021bi \u00eenc\u0103lzi la un foc de tab\u0103r\u0103 sau pute\u021bi degusta din preparatele locale. Pe timpul iernii nu ave\u021bi cum s\u0103 v\u0103 plictisi\u021bi. Au fost amenajate p\u00e2rtii de schi cu grade de dificultate diferite, pe ele exist\u0103 tunuri de z\u0103pad\u0103, nocturn\u0103, un parc de distrac\u021bii dar \u0219i p\u00e2rtii de s\u0103niu\u0219. Dac\u0103 sunte\u021bi \u00eencep\u0103tori, p\u00e2rtiile din P\u0103ltini\u0219 sunt perfecte datorit\u0103 \u00eenclina\u021biei mici \u0219i a lipsei avalan\u0219elor. Cel mai renumit resort montan este Arena Plato\u0219.&nbsp; <\/p>\n\n\n\n<figure class=\"wp-block-image size-full is-style-default\"><img width=\"1100\" height=\"713\" src=\"https:\/\/pensiunea-iulia-rod.com\/wp-content\/uploads\/2020\/01\/paltinis1110x720.jpg\" alt=\"\" class=\"wp-image-364\" srcset=\"https:\/\/pensiunea-iulia-rod.com\/wp-content\/uploads\/2020\/01\/paltinis1110x720.jpg 1100w, https:\/\/pensiunea-iulia-rod.com\/wp-content\/uploads\/2020\/01\/paltinis1110x720-300x194.jpg 300w, https:\/\/pensiunea-iulia-rod.com\/wp-content\/uploads\/2020\/01\/paltinis1110x720-1024x663.jpg 1024w, https:\/\/pensiunea-iulia-rod.com\/wp-content\/uploads\/2020\/01\/paltinis1110x720-768x497.jpg 768w\" sizes=\"(max-width: 1100px) 100vw, 1100px\" \/><figcaption>Once\u0219ti &#8211; P\u0103ltini\u0219<br><\/figcaption><\/figure>\n","protected":false},"excerpt":{"rendered":"<p>V\u0103 plac drume\u021biile montane? P\u0103ltini\u0219 este destina\u021bia ideal\u0103, deoarece are ceva special! Este cea mai veche sta\u021biune turistic\u0103 montan\u0103 din Rom\u00e2nia, fiind inaugurat\u0103 \u00een anul 1894 \u0219i este una dintre sta\u021biunile cele mai \u00eenalte, amplasat\u0103 la o altitudine de 1.442 metri. Ea se afl\u0103 \u00een Mun\u021bii Cindrel \u0219i este \u00eenconjurat\u0103 de p\u0103duri dese. Dac\u0103 urca\u021bi [&hellip;]<\/p>\n","protected":false},"author":1,"featured_media":0,"parent":0,"menu_order":0,"comment_status":"closed","ping_status":"closed","template":"","meta":[],"yoast_head":"<!-- This site is optimized with the Yoast SEO plugin v19.7.1 - https:\/\/yoast.com\/wordpress\/plugins\/seo\/ -->\n<title>P\u0103ltini\u0219 - Pensiunea Iulia - Prezentare imprejurimi pensiune<\/title>\n<meta name=\"description\" content=\"Este cea mai veche sta\u021biune turistic\u0103 montan\u0103 din Rom\u00e2nia, una dintre sta\u021biunile cele mai \u00eenalte, amplasat\u0103 la o altitudine de 1.442 metri.\" \/>\n<meta name=\"robots\" content=\"index, follow, max-snippet:-1, max-image-preview:large, max-video-preview:-1\" \/>\n<link rel=\"canonical\" href=\"https:\/\/pensiunea-iulia-rod.com\/index.php\/paltinis\/\" \/>\n<meta property=\"og:locale\" content=\"ro_RO\" \/>\n<meta property=\"og:type\" content=\"article\" \/>\n<meta property=\"og:title\" content=\"P\u0103ltini\u0219 - Pensiunea Iulia - Prezentare imprejurimi pensiune\" \/>\n<meta property=\"og:description\" content=\"Este cea mai veche sta\u021biune turistic\u0103 montan\u0103 din Rom\u00e2nia, una dintre sta\u021biunile cele mai \u00eenalte, amplasat\u0103 la o altitudine de 1.442 metri.\" \/>\n<meta property=\"og:url\" content=\"https:\/\/pensiunea-iulia-rod.com\/index.php\/paltinis\/\" \/>\n<meta property=\"og:site_name\" content=\"Pensiunea Iulia\" \/>\n<meta property=\"article:publisher\" content=\"https:\/\/www.facebook.com\/pensiunea.iulia.rod.tilisca\" \/>\n<meta property=\"article:modified_time\" content=\"2021-03-18T09:46:32+00:00\" \/>\n<meta property=\"og:image\" content=\"https:\/\/pensiunea-iulia-rod.com\/wp-content\/uploads\/2020\/01\/paltinis1110x720.jpg\" \/>\n<meta name=\"twitter:card\" content=\"summary_large_image\" \/>\n<meta name=\"twitter:label1\" content=\"Timp estimat pentru citire\" \/>\n\t<meta name=\"twitter:data1\" content=\"1 minut\" \/>\n<script type=\"application\/ld+json\" class=\"yoast-schema-graph\">{\"@context\":\"https:\/\/schema.org\",\"@graph\":[{\"@type\":\"WebPage\",\"@id\":\"https:\/\/pensiunea-iulia-rod.com\/index.php\/paltinis\/\",\"url\":\"https:\/\/pensiunea-iulia-rod.com\/index.php\/paltinis\/\",\"name\":\"P\u0103ltini\u0219 - Pensiunea Iulia - Prezentare imprejurimi pensiune\",\"isPartOf\":{\"@id\":\"https:\/\/pensiunea-iulia-rod.com\/#website\"},\"datePublished\":\"2020-01-29T16:46:06+00:00\",\"dateModified\":\"2021-03-18T09:46:32+00:00\",\"description\":\"Este cea mai veche sta\u021biune turistic\u0103 montan\u0103 din Rom\u00e2nia, una dintre sta\u021biunile cele mai \u00eenalte, amplasat\u0103 la o altitudine de 1.442 metri.\",\"breadcrumb\":{\"@id\":\"https:\/\/pensiunea-iulia-rod.com\/index.php\/paltinis\/#breadcrumb\"},\"inLanguage\":\"ro-RO\",\"potentialAction\":[{\"@type\":\"ReadAction\",\"target\":[\"https:\/\/pensiunea-iulia-rod.com\/index.php\/paltinis\/\"]}]},{\"@type\":\"BreadcrumbList\",\"@id\":\"https:\/\/pensiunea-iulia-rod.com\/index.php\/paltinis\/#breadcrumb\",\"itemListElement\":[{\"@type\":\"ListItem\",\"position\":1,\"name\":\"Prima pagin\u0103\",\"item\":\"https:\/\/pensiunea-iulia-rod.com\/\"},{\"@type\":\"ListItem\",\"position\":2,\"name\":\"P\u0103ltini\u0219\"}]},{\"@type\":\"WebSite\",\"@id\":\"https:\/\/pensiunea-iulia-rod.com\/#website\",\"url\":\"https:\/\/pensiunea-iulia-rod.com\/\",\"name\":\"Pensiunea Iulia\",\"description\":\"Cazare in Marginimea Sibiului\",\"publisher\":{\"@id\":\"https:\/\/pensiunea-iulia-rod.com\/#organization\"},\"potentialAction\":[{\"@type\":\"SearchAction\",\"target\":{\"@type\":\"EntryPoint\",\"urlTemplate\":\"https:\/\/pensiunea-iulia-rod.com\/?s={search_term_string}\"},\"query-input\":\"required name=search_term_string\"}],\"inLanguage\":\"ro-RO\"},{\"@type\":\"Organization\",\"@id\":\"https:\/\/pensiunea-iulia-rod.com\/#organization\",\"name\":\"Pensiunea Iulia\",\"url\":\"https:\/\/pensiunea-iulia-rod.com\/\",\"sameAs\":[\"https:\/\/www.facebook.com\/pensiunea.iulia.rod.tilisca\"],\"logo\":{\"@type\":\"ImageObject\",\"inLanguage\":\"ro-RO\",\"@id\":\"https:\/\/pensiunea-iulia-rod.com\/#\/schema\/logo\/image\/\",\"url\":\"https:\/\/pensiunea-iulia-rod.com\/wp-content\/uploads\/2020\/09\/c29b3e63-06e3-4ea3-ae23-dc78e4f30fdb_200x200.png\",\"contentUrl\":\"https:\/\/pensiunea-iulia-rod.com\/wp-content\/uploads\/2020\/09\/c29b3e63-06e3-4ea3-ae23-dc78e4f30fdb_200x200.png\",\"width\":200,\"height\":200,\"caption\":\"Pensiunea Iulia\"},\"image\":{\"@id\":\"https:\/\/pensiunea-iulia-rod.com\/#\/schema\/logo\/image\/\"}}]}<\/script>\n<!-- \/ Yoast SEO plugin. -->","yoast_head_json":{"title":"P\u0103ltini\u0219 - Pensiunea Iulia - Prezentare imprejurimi pensiune","description":"Este cea mai veche sta\u021biune turistic\u0103 montan\u0103 din Rom\u00e2nia, una dintre sta\u021biunile cele mai \u00eenalte, amplasat\u0103 la o altitudine de 1.442 metri.","robots":{"index":"index","follow":"follow","max-snippet":"max-snippet:-1","max-image-preview":"max-image-preview:large","max-video-preview":"max-video-preview:-1"},"canonical":"https:\/\/pensiunea-iulia-rod.com\/index.php\/paltinis\/","og_locale":"ro_RO","og_type":"article","og_title":"P\u0103ltini\u0219 - Pensiunea Iulia - Prezentare imprejurimi pensiune","og_description":"Este cea mai veche sta\u021biune turistic\u0103 montan\u0103 din Rom\u00e2nia, una dintre sta\u021biunile cele mai \u00eenalte, amplasat\u0103 la o altitudine de 1.442 metri.","og_url":"https:\/\/pensiunea-iulia-rod.com\/index.php\/paltinis\/","og_site_name":"Pensiunea Iulia","article_publisher":"https:\/\/www.facebook.com\/pensiunea.iulia.rod.tilisca","article_modified_time":"2021-03-18T09:46:32+00:00","og_image":[{"url":"https:\/\/pensiunea-iulia-rod.com\/wp-content\/uploads\/2020\/01\/paltinis1110x720.jpg"}],"twitter_card":"summary_large_image","twitter_misc":{"Timp estimat pentru citire":"1 minut"},"schema":{"@context":"https:\/\/schema.org","@graph":[{"@type":"WebPage","@id":"https:\/\/pensiunea-iulia-rod.com\/index.php\/paltinis\/","url":"https:\/\/pensiunea-iulia-rod.com\/index.php\/paltinis\/","name":"P\u0103ltini\u0219 - Pensiunea Iulia - Prezentare imprejurimi pensiune","isPartOf":{"@id":"https:\/\/pensiunea-iulia-rod.com\/#website"},"datePublished":"2020-01-29T16:46:06+00:00","dateModified":"2021-03-18T09:46:32+00:00","description":"Este cea mai veche sta\u021biune turistic\u0103 montan\u0103 din Rom\u00e2nia, una dintre sta\u021biunile cele mai \u00eenalte, amplasat\u0103 la o altitudine de 1.442 metri.","breadcrumb":{"@id":"https:\/\/pensiunea-iulia-rod.com\/index.php\/paltinis\/#breadcrumb"},"inLanguage":"ro-RO","potentialAction":[{"@type":"ReadAction","target":["https:\/\/pensiunea-iulia-rod.com\/index.php\/paltinis\/"]}]},{"@type":"BreadcrumbList","@id":"https:\/\/pensiunea-iulia-rod.com\/index.php\/paltinis\/#breadcrumb","itemListElement":[{"@type":"ListItem","position":1,"name":"Prima pagin\u0103","item":"https:\/\/pensiunea-iulia-rod.com\/"},{"@type":"ListItem","position":2,"name":"P\u0103ltini\u0219"}]},{"@type":"WebSite","@id":"https:\/\/pensiunea-iulia-rod.com\/#website","url":"https:\/\/pensiunea-iulia-rod.com\/","name":"Pensiunea Iulia","description":"Cazare in Marginimea Sibiului","publisher":{"@id":"https:\/\/pensiunea-iulia-rod.com\/#organization"},"potentialAction":[{"@type":"SearchAction","target":{"@type":"EntryPoint","urlTemplate":"https:\/\/pensiunea-iulia-rod.com\/?s={search_term_string}"},"query-input":"required name=search_term_string"}],"inLanguage":"ro-RO"},{"@type":"Organization","@id":"https:\/\/pensiunea-iulia-rod.com\/#organization","name":"Pensiunea Iulia","url":"https:\/\/pensiunea-iulia-rod.com\/","sameAs":["https:\/\/www.facebook.com\/pensiunea.iulia.rod.tilisca"],"logo":{"@type":"ImageObject","inLanguage":"ro-RO","@id":"https:\/\/pensiunea-iulia-rod.com\/#\/schema\/logo\/image\/","url":"https:\/\/pensiunea-iulia-rod.com\/wp-content\/uploads\/2020\/09\/c29b3e63-06e3-4ea3-ae23-dc78e4f30fdb_200x200.png","contentUrl":"https:\/\/pensiunea-iulia-rod.com\/wp-content\/uploads\/2020\/09\/c29b3e63-06e3-4ea3-ae23-dc78e4f30fdb_200x200.png","width":200,"height":200,"caption":"Pensiunea Iulia"},"image":{"@id":"https:\/\/pensiunea-iulia-rod.com\/#\/schema\/logo\/image\/"}}]}},"_links":{"self":[{"href":"https:\/\/pensiunea-iulia-rod.com\/index.php\/wp-json\/wp\/v2\/pages\/362"}],"collection":[{"href":"https:\/\/pensiunea-iulia-rod.com\/index.php\/wp-json\/wp\/v2\/pages"}],"about":[{"href":"https:\/\/pensiunea-iulia-rod.com\/index.php\/wp-json\/wp\/v2\/types\/page"}],"author":[{"embeddable":true,"href":"https:\/\/pensiunea-iulia-rod.com\/index.php\/wp-json\/wp\/v2\/users\/1"}],"replies":[{"embeddable":true,"href":"https:\/\/pensiunea-iulia-rod.com\/index.php\/wp-json\/wp\/v2\/comments?post=362"}],"version-history":[{"count":4,"href":"https:\/\/pensiunea-iulia-rod.com\/index.php\/wp-json\/wp\/v2\/pages\/362\/revisions"}],"predecessor-version":[{"id":750,"href":"https:\/\/pensiunea-iulia-rod.com\/index.php\/wp-json\/wp\/v2\/pages\/362\/revisions\/750"}],"wp:attachment":[{"href":"https:\/\/pensiunea-iulia-rod.com\/index.php\/wp-json\/wp\/v2\/media?parent=362"}],"curies":[{"name":"wp","href":"https:\/\/api.w.org\/{rel}","templated":true}]}}