{"id":357,"date":"2020-01-29T16:38:40","date_gmt":"2020-01-29T16:38:40","guid":{"rendered":"https:\/\/pensiunea-iulia-rod.com\/?page_id=357"},"modified":"2021-03-18T11:44:01","modified_gmt":"2021-03-18T09:44:01","slug":"sibiu","status":"publish","type":"page","link":"https:\/\/pensiunea-iulia-rod.com\/index.php\/sibiu\/","title":{"rendered":"Sibiu"},"content":{"rendered":"\n<p class=\"has-text-align-center has-large-font-size\"> <strong>O plimbare pe str\u0103zile pietruite ale Sibiului este o idee foarte bun\u0103!<\/strong> <\/p>\n\n\n\n<p> Cele mai importante obiective turistice pe care nu trebuie s\u0103 le rata\u021bi   c\u00e2nd vizita\u021bi Sibiul: Catedrala Mitropolitan\u0103, Catedrala Evanghelic\u0103,  Piata Mare, Turnul Sfatului, Prim\u0103ria, Podul Minciunilor, Pia\u021ba Albert  Huet, Muzeul Civiliza\u021biei Populare Tradi\u021bionale &#8222;Astra&#8221; Sibiu.  <\/p>\n\n\n\n<figure class=\"wp-block-image size-full\"><img width=\"1100\" height=\"532\" src=\"https:\/\/pensiunea-iulia-rod.com\/wp-content\/uploads\/2020\/01\/sibiucentru1110x500.jpg\" alt=\"\" class=\"wp-image-360\" srcset=\"https:\/\/pensiunea-iulia-rod.com\/wp-content\/uploads\/2020\/01\/sibiucentru1110x500.jpg 1100w, https:\/\/pensiunea-iulia-rod.com\/wp-content\/uploads\/2020\/01\/sibiucentru1110x500-300x145.jpg 300w, https:\/\/pensiunea-iulia-rod.com\/wp-content\/uploads\/2020\/01\/sibiucentru1110x500-1024x495.jpg 1024w, https:\/\/pensiunea-iulia-rod.com\/wp-content\/uploads\/2020\/01\/sibiucentru1110x500-768x372.jpg 768w\" sizes=\"(max-width: 1100px) 100vw, 1100px\" \/><figcaption>Pia\u021ba Mare Sibiu<br><\/figcaption><\/figure>\n\n\n\n<p> Sibiul \u0219i \u00eemprejurimile sale sunt printre locurile cele mai vizitate din  Rom\u00e2nia. Centrul istoric este unul dintre cele mai bine p\u0103strate  loca\u021bii istorice din \u021bar\u0103 si este \u00een proces de a fi \u00eenscris \u00een lista  patrimoniului UNESCO. Multe din zidurile \u0219i sistemele de fortifica\u021bii  sunt men\u021binute \u00eentr-o stare foarte bun\u0103.   <\/p>\n\n\n\n<p> \u00cen fiecare prim\u0103var\u0103 \u00een localitate are loc Festivalul Interna\u021bional de  Teatru de la Sibiu (F.I.T.S.), considerat cel mai mare festival de  teatru din sud-estul Europei. De asemenea, anual sunt organizate  Festivalul de Art\u0103 Medieval\u0103, Festivalul de Art\u0103 Neconven\u021bional\u0103 \u201eLa    Strada\u201d, Festivalul Interna\u021bional de Muzic\u0103 Electronic\u0103 \u0219i Art\u0103  Contemporan\u0103 Transylvania Calling \u0219i Festivalul Interna\u021bional de Jazz    Sibiu, T\u00e2rgul de Pa\u0219ti din Sibiu, festivalul de bere CibinFEST, T\u00e2rgul    de Cr\u0103ciun din Sibiu. Au loc \u0219i alte evenimente culturale, precum si  diferite concerte de jazz, folk sau rock.    <\/p>\n\n\n\n<p><\/p>\n","protected":false},"excerpt":{"rendered":"<p>O plimbare pe str\u0103zile pietruite ale Sibiului este o idee foarte bun\u0103! Cele mai importante obiective turistice pe care nu trebuie s\u0103 le rata\u021bi c\u00e2nd vizita\u021bi Sibiul: Catedrala Mitropolitan\u0103, Catedrala Evanghelic\u0103, Piata Mare, Turnul Sfatului, Prim\u0103ria, Podul Minciunilor, Pia\u021ba Albert Huet, Muzeul Civiliza\u021biei Populare Tradi\u021bionale &#8222;Astra&#8221; Sibiu. Sibiul \u0219i \u00eemprejurimile sale sunt printre locurile cele [&hellip;]<\/p>\n","protected":false},"author":1,"featured_media":0,"parent":0,"menu_order":0,"comment_status":"closed","ping_status":"closed","template":"","meta":[],"yoast_head":"<!-- This site is optimized with the Yoast SEO plugin v19.7.1 - https:\/\/yoast.com\/wordpress\/plugins\/seo\/ -->\n<title>Sibiu - Pensiunea Iulia - Cazare in marginimea Sibiului<\/title>\n<meta name=\"description\" content=\"Prezentare a Sibiului \u0219i a \u00eemprejurimile sale - printre locurile cele mai vizitate din Rom\u00e2nia.\" \/>\n<meta name=\"robots\" content=\"index, follow, max-snippet:-1, max-image-preview:large, max-video-preview:-1\" \/>\n<link rel=\"canonical\" href=\"https:\/\/pensiunea-iulia-rod.com\/index.php\/sibiu\/\" \/>\n<meta property=\"og:locale\" content=\"ro_RO\" \/>\n<meta property=\"og:type\" content=\"article\" \/>\n<meta property=\"og:title\" content=\"Sibiu - Pensiunea Iulia - Cazare in marginimea Sibiului\" \/>\n<meta property=\"og:description\" content=\"Prezentare a Sibiului \u0219i a \u00eemprejurimile sale - printre locurile cele mai vizitate din Rom\u00e2nia.\" \/>\n<meta property=\"og:url\" content=\"https:\/\/pensiunea-iulia-rod.com\/index.php\/sibiu\/\" \/>\n<meta property=\"og:site_name\" content=\"Pensiunea Iulia\" \/>\n<meta property=\"article:publisher\" content=\"https:\/\/www.facebook.com\/pensiunea.iulia.rod.tilisca\" \/>\n<meta property=\"article:modified_time\" content=\"2021-03-18T09:44:01+00:00\" \/>\n<meta property=\"og:image\" content=\"https:\/\/pensiunea-iulia-rod.com\/wp-content\/uploads\/2020\/01\/sibiucentru1110x500.jpg\" \/>\n<meta name=\"twitter:card\" content=\"summary_large_image\" \/>\n<meta name=\"twitter:label1\" content=\"Timp estimat pentru citire\" \/>\n\t<meta name=\"twitter:data1\" content=\"2 minute\" \/>\n<script type=\"application\/ld+json\" class=\"yoast-schema-graph\">{\"@context\":\"https:\/\/schema.org\",\"@graph\":[{\"@type\":\"WebPage\",\"@id\":\"https:\/\/pensiunea-iulia-rod.com\/index.php\/sibiu\/\",\"url\":\"https:\/\/pensiunea-iulia-rod.com\/index.php\/sibiu\/\",\"name\":\"Sibiu - Pensiunea Iulia - Cazare in marginimea Sibiului\",\"isPartOf\":{\"@id\":\"https:\/\/pensiunea-iulia-rod.com\/#website\"},\"datePublished\":\"2020-01-29T16:38:40+00:00\",\"dateModified\":\"2021-03-18T09:44:01+00:00\",\"description\":\"Prezentare a Sibiului \u0219i a \u00eemprejurimile sale - printre locurile cele mai vizitate din Rom\u00e2nia.\",\"breadcrumb\":{\"@id\":\"https:\/\/pensiunea-iulia-rod.com\/index.php\/sibiu\/#breadcrumb\"},\"inLanguage\":\"ro-RO\",\"potentialAction\":[{\"@type\":\"ReadAction\",\"target\":[\"https:\/\/pensiunea-iulia-rod.com\/index.php\/sibiu\/\"]}]},{\"@type\":\"BreadcrumbList\",\"@id\":\"https:\/\/pensiunea-iulia-rod.com\/index.php\/sibiu\/#breadcrumb\",\"itemListElement\":[{\"@type\":\"ListItem\",\"position\":1,\"name\":\"Prima pagin\u0103\",\"item\":\"https:\/\/pensiunea-iulia-rod.com\/\"},{\"@type\":\"ListItem\",\"position\":2,\"name\":\"Sibiu\"}]},{\"@type\":\"WebSite\",\"@id\":\"https:\/\/pensiunea-iulia-rod.com\/#website\",\"url\":\"https:\/\/pensiunea-iulia-rod.com\/\",\"name\":\"Pensiunea Iulia\",\"description\":\"Cazare in Marginimea Sibiului\",\"publisher\":{\"@id\":\"https:\/\/pensiunea-iulia-rod.com\/#organization\"},\"potentialAction\":[{\"@type\":\"SearchAction\",\"target\":{\"@type\":\"EntryPoint\",\"urlTemplate\":\"https:\/\/pensiunea-iulia-rod.com\/?s={search_term_string}\"},\"query-input\":\"required name=search_term_string\"}],\"inLanguage\":\"ro-RO\"},{\"@type\":\"Organization\",\"@id\":\"https:\/\/pensiunea-iulia-rod.com\/#organization\",\"name\":\"Pensiunea Iulia\",\"url\":\"https:\/\/pensiunea-iulia-rod.com\/\",\"sameAs\":[\"https:\/\/www.facebook.com\/pensiunea.iulia.rod.tilisca\"],\"logo\":{\"@type\":\"ImageObject\",\"inLanguage\":\"ro-RO\",\"@id\":\"https:\/\/pensiunea-iulia-rod.com\/#\/schema\/logo\/image\/\",\"url\":\"https:\/\/pensiunea-iulia-rod.com\/wp-content\/uploads\/2020\/09\/c29b3e63-06e3-4ea3-ae23-dc78e4f30fdb_200x200.png\",\"contentUrl\":\"https:\/\/pensiunea-iulia-rod.com\/wp-content\/uploads\/2020\/09\/c29b3e63-06e3-4ea3-ae23-dc78e4f30fdb_200x200.png\",\"width\":200,\"height\":200,\"caption\":\"Pensiunea Iulia\"},\"image\":{\"@id\":\"https:\/\/pensiunea-iulia-rod.com\/#\/schema\/logo\/image\/\"}}]}<\/script>\n<!-- \/ Yoast SEO plugin. -->","yoast_head_json":{"title":"Sibiu - Pensiunea Iulia - Cazare in marginimea Sibiului","description":"Prezentare a Sibiului \u0219i a \u00eemprejurimile sale - printre locurile cele mai vizitate din Rom\u00e2nia.","robots":{"index":"index","follow":"follow","max-snippet":"max-snippet:-1","max-image-preview":"max-image-preview:large","max-video-preview":"max-video-preview:-1"},"canonical":"https:\/\/pensiunea-iulia-rod.com\/index.php\/sibiu\/","og_locale":"ro_RO","og_type":"article","og_title":"Sibiu - Pensiunea Iulia - Cazare in marginimea Sibiului","og_description":"Prezentare a Sibiului \u0219i a \u00eemprejurimile sale - printre locurile cele mai vizitate din Rom\u00e2nia.","og_url":"https:\/\/pensiunea-iulia-rod.com\/index.php\/sibiu\/","og_site_name":"Pensiunea Iulia","article_publisher":"https:\/\/www.facebook.com\/pensiunea.iulia.rod.tilisca","article_modified_time":"2021-03-18T09:44:01+00:00","og_image":[{"url":"https:\/\/pensiunea-iulia-rod.com\/wp-content\/uploads\/2020\/01\/sibiucentru1110x500.jpg"}],"twitter_card":"summary_large_image","twitter_misc":{"Timp estimat pentru citire":"2 minute"},"schema":{"@context":"https:\/\/schema.org","@graph":[{"@type":"WebPage","@id":"https:\/\/pensiunea-iulia-rod.com\/index.php\/sibiu\/","url":"https:\/\/pensiunea-iulia-rod.com\/index.php\/sibiu\/","name":"Sibiu - Pensiunea Iulia - Cazare in marginimea Sibiului","isPartOf":{"@id":"https:\/\/pensiunea-iulia-rod.com\/#website"},"datePublished":"2020-01-29T16:38:40+00:00","dateModified":"2021-03-18T09:44:01+00:00","description":"Prezentare a Sibiului \u0219i a \u00eemprejurimile sale - printre locurile cele mai vizitate din Rom\u00e2nia.","breadcrumb":{"@id":"https:\/\/pensiunea-iulia-rod.com\/index.php\/sibiu\/#breadcrumb"},"inLanguage":"ro-RO","potentialAction":[{"@type":"ReadAction","target":["https:\/\/pensiunea-iulia-rod.com\/index.php\/sibiu\/"]}]},{"@type":"BreadcrumbList","@id":"https:\/\/pensiunea-iulia-rod.com\/index.php\/sibiu\/#breadcrumb","itemListElement":[{"@type":"ListItem","position":1,"name":"Prima pagin\u0103","item":"https:\/\/pensiunea-iulia-rod.com\/"},{"@type":"ListItem","position":2,"name":"Sibiu"}]},{"@type":"WebSite","@id":"https:\/\/pensiunea-iulia-rod.com\/#website","url":"https:\/\/pensiunea-iulia-rod.com\/","name":"Pensiunea Iulia","description":"Cazare in Marginimea Sibiului","publisher":{"@id":"https:\/\/pensiunea-iulia-rod.com\/#organization"},"potentialAction":[{"@type":"SearchAction","target":{"@type":"EntryPoint","urlTemplate":"https:\/\/pensiunea-iulia-rod.com\/?s={search_term_string}"},"query-input":"required name=search_term_string"}],"inLanguage":"ro-RO"},{"@type":"Organization","@id":"https:\/\/pensiunea-iulia-rod.com\/#organization","name":"Pensiunea Iulia","url":"https:\/\/pensiunea-iulia-rod.com\/","sameAs":["https:\/\/www.facebook.com\/pensiunea.iulia.rod.tilisca"],"logo":{"@type":"ImageObject","inLanguage":"ro-RO","@id":"https:\/\/pensiunea-iulia-rod.com\/#\/schema\/logo\/image\/","url":"https:\/\/pensiunea-iulia-rod.com\/wp-content\/uploads\/2020\/09\/c29b3e63-06e3-4ea3-ae23-dc78e4f30fdb_200x200.png","contentUrl":"https:\/\/pensiunea-iulia-rod.com\/wp-content\/uploads\/2020\/09\/c29b3e63-06e3-4ea3-ae23-dc78e4f30fdb_200x200.png","width":200,"height":200,"caption":"Pensiunea Iulia"},"image":{"@id":"https:\/\/pensiunea-iulia-rod.com\/#\/schema\/logo\/image\/"}}]}},"_links":{"self":[{"href":"https:\/\/pensiunea-iulia-rod.com\/index.php\/wp-json\/wp\/v2\/pages\/357"}],"collection":[{"href":"https:\/\/pensiunea-iulia-rod.com\/index.php\/wp-json\/wp\/v2\/pages"}],"about":[{"href":"https:\/\/pensiunea-iulia-rod.com\/index.php\/wp-json\/wp\/v2\/types\/page"}],"author":[{"embeddable":true,"href":"https:\/\/pensiunea-iulia-rod.com\/index.php\/wp-json\/wp\/v2\/users\/1"}],"replies":[{"embeddable":true,"href":"https:\/\/pensiunea-iulia-rod.com\/index.php\/wp-json\/wp\/v2\/comments?post=357"}],"version-history":[{"count":3,"href":"https:\/\/pensiunea-iulia-rod.com\/index.php\/wp-json\/wp\/v2\/pages\/357\/revisions"}],"predecessor-version":[{"id":749,"href":"https:\/\/pensiunea-iulia-rod.com\/index.php\/wp-json\/wp\/v2\/pages\/357\/revisions\/749"}],"wp:attachment":[{"href":"https:\/\/pensiunea-iulia-rod.com\/index.php\/wp-json\/wp\/v2\/media?parent=357"}],"curies":[{"name":"wp","href":"https:\/\/api.w.org\/{rel}","templated":true}]}}